{"id":10,"date":"2025-06-06T14:23:44","date_gmt":"2025-06-06T14:23:44","guid":{"rendered":"https:\/\/inandoutsotogrande.com\/index.php\/inicio\/"},"modified":"2025-06-24T12:34:11","modified_gmt":"2025-06-24T12:34:11","slug":"inicio","status":"publish","type":"page","link":"http:\/\/inandoutgibraltar.com\/es\/","title":{"rendered":"Inicio"},"content":{"rendered":"    <div class=\"swiper home-slider\">\n      <div class=\"swiper-wrapper\">\n                    <div class=\"swiper-slide\">\n\t\t<picture>\n\t\t\t<source media=\"(max-width:767px)\" data-srcset=\"http:\/\/inandoutgibraltar.com\/wp-content\/uploads\/2025\/06\/home_1_m.jpg\" class=\"swiper-lazy\">\n\t\t\t<source media=\"(min-width:768px)\" data-srcset=\"http:\/\/inandoutgibraltar.com\/wp-content\/uploads\/2025\/06\/home_1_d.jpg\" class=\"swiper-lazy\">\n\t\t\t<img class=\"slide-image\"\n\t\t\t\tsrc=\"data:image\/gif;base64,R0lGODlhAQABAIAAAAAAAP\/\/\/ywAAAAAAQABAAACAUwAOw==\"\n\t\t\t\tdata-src-mobile=\"http:\/\/inandoutgibraltar.com\/wp-content\/uploads\/2025\/06\/home_1_m.jpg\"\n\t\t\t\tdata-src-desktop=\"http:\/\/inandoutgibraltar.com\/wp-content\/uploads\/2025\/06\/home_1_d.jpg\"\n\t\t\t\talt=\"\"\n\t\t\t>\n\t\t<\/picture>\n\t\t<div class=\"slide-spinner\"><\/div>\n                <a class=\"slide-content\" href=\"#sotogrande-pueblo-color\">\n                    <h2>Qu\u00e9 D\u00f3nde Cu\u00e1ndo En Sotogrande<\/h2>\n\t\t\t\t\t\t<div class=\"slider-click-here\">\n\t\t\t\tClick here\t\t\t<\/div>\n\t\t\t                                        <div class=\"slide-description\"><\/div>\n                                                        <\/a><!--\/.slide-content-->\n            <\/div><!--\/.swiper-slide-->\n                    <div class=\"swiper-slide\">\n\t\t<picture>\n\t\t\t<source media=\"(max-width:767px)\" data-srcset=\"http:\/\/inandoutgibraltar.com\/wp-content\/uploads\/2025\/06\/events_m-1.jpg\" class=\"swiper-lazy\">\n\t\t\t<source media=\"(min-width:768px)\" data-srcset=\"http:\/\/inandoutgibraltar.com\/wp-content\/uploads\/2025\/06\/events_d-1.jpg\" class=\"swiper-lazy\">\n\t\t\t<img class=\"slide-image\"\n\t\t\t\tsrc=\"data:image\/gif;base64,R0lGODlhAQABAIAAAAAAAP\/\/\/ywAAAAAAQABAAACAUwAOw==\"\n\t\t\t\tdata-src-mobile=\"http:\/\/inandoutgibraltar.com\/wp-content\/uploads\/2025\/06\/events_m-1.jpg\"\n\t\t\t\tdata-src-desktop=\"http:\/\/inandoutgibraltar.com\/wp-content\/uploads\/2025\/06\/events_d-1.jpg\"\n\t\t\t\talt=\"\"\n\t\t\t>\n\t\t<\/picture>\n\t\t<div class=\"slide-spinner\"><\/div>\n                <a class=\"slide-content\" href=\"#eventos\">\n                    <h2>Eventos<\/h2>\n\t\t\t\t\t\t<div class=\"slider-click-here\">\n\t\t\t\tClick here\t\t\t<\/div>\n\t\t\t                                        <div class=\"slide-description\"><\/div>\n                                                        <\/a><!--\/.slide-content-->\n            <\/div><!--\/.swiper-slide-->\n                    <div class=\"swiper-slide\">\n\t\t<picture>\n\t\t\t<source media=\"(max-width:767px)\" data-srcset=\"http:\/\/inandoutgibraltar.com\/wp-content\/uploads\/2025\/06\/accomodations_m.jpg\" class=\"swiper-lazy\">\n\t\t\t<source media=\"(min-width:768px)\" data-srcset=\"http:\/\/inandoutgibraltar.com\/wp-content\/uploads\/2025\/06\/accomodations_d.jpg\" class=\"swiper-lazy\">\n\t\t\t<img class=\"slide-image\"\n\t\t\t\tsrc=\"data:image\/gif;base64,R0lGODlhAQABAIAAAAAAAP\/\/\/ywAAAAAAQABAAACAUwAOw==\"\n\t\t\t\tdata-src-mobile=\"http:\/\/inandoutgibraltar.com\/wp-content\/uploads\/2025\/06\/accomodations_m.jpg\"\n\t\t\t\tdata-src-desktop=\"http:\/\/inandoutgibraltar.com\/wp-content\/uploads\/2025\/06\/accomodations_d.jpg\"\n\t\t\t\talt=\"\"\n\t\t\t>\n\t\t<\/picture>\n\t\t<div class=\"slide-spinner\"><\/div>\n                <a class=\"slide-content\" href=\"#alojamientos\">\n                    <h2>Alojamientos<\/h2>\n\t\t\t\t\t\t<div class=\"slider-click-here\">\n\t\t\t\tClick here\t\t\t<\/div>\n\t\t\t                                        <div class=\"slide-description\"><\/div>\n                                                        <\/a><!--\/.slide-content-->\n            <\/div><!--\/.swiper-slide-->\n                    <div class=\"swiper-slide\">\n\t\t<picture>\n\t\t\t<source media=\"(max-width:767px)\" data-srcset=\"http:\/\/inandoutgibraltar.com\/wp-content\/uploads\/2025\/06\/m_art-1.jpg\" class=\"swiper-lazy\">\n\t\t\t<source media=\"(min-width:768px)\" data-srcset=\"http:\/\/inandoutgibraltar.com\/wp-content\/uploads\/2025\/06\/d_art.jpg\" class=\"swiper-lazy\">\n\t\t\t<img class=\"slide-image\"\n\t\t\t\tsrc=\"data:image\/gif;base64,R0lGODlhAQABAIAAAAAAAP\/\/\/ywAAAAAAQABAAACAUwAOw==\"\n\t\t\t\tdata-src-mobile=\"http:\/\/inandoutgibraltar.com\/wp-content\/uploads\/2025\/06\/m_art-1.jpg\"\n\t\t\t\tdata-src-desktop=\"http:\/\/inandoutgibraltar.com\/wp-content\/uploads\/2025\/06\/d_art.jpg\"\n\t\t\t\talt=\"\"\n\t\t\t>\n\t\t<\/picture>\n\t\t<div class=\"slide-spinner\"><\/div>\n                <a class=\"slide-content\" href=\"#arte\">\n                    <h2>Arte<\/h2>\n\t\t\t\t\t\t<div class=\"slider-click-here\">\n\t\t\t\tClick here\t\t\t<\/div>\n\t\t\t                                        <div class=\"slide-description\"><\/div>\n                                                        <\/a><!--\/.slide-content-->\n            <\/div><!--\/.swiper-slide-->\n                    <div class=\"swiper-slide\">\n\t\t<picture>\n\t\t\t<source media=\"(max-width:767px)\" data-srcset=\"http:\/\/inandoutgibraltar.com\/wp-content\/uploads\/2025\/06\/bars_m.jpg\" class=\"swiper-lazy\">\n\t\t\t<source media=\"(min-width:768px)\" data-srcset=\"http:\/\/inandoutgibraltar.com\/wp-content\/uploads\/2025\/06\/bars_d.jpg\" class=\"swiper-lazy\">\n\t\t\t<img class=\"slide-image\"\n\t\t\t\tsrc=\"data:image\/gif;base64,R0lGODlhAQABAIAAAAAAAP\/\/\/ywAAAAAAQABAAACAUwAOw==\"\n\t\t\t\tdata-src-mobile=\"http:\/\/inandoutgibraltar.com\/wp-content\/uploads\/2025\/06\/bars_m.jpg\"\n\t\t\t\tdata-src-desktop=\"http:\/\/inandoutgibraltar.com\/wp-content\/uploads\/2025\/06\/bars_d.jpg\"\n\t\t\t\talt=\"\"\n\t\t\t>\n\t\t<\/picture>\n\t\t<div class=\"slide-spinner\"><\/div>\n                <a class=\"slide-content\" href=\"#bares-restaurantes\">\n                    <h2>Bares | Restaurantes<\/h2>\n\t\t\t\t\t\t<div class=\"slider-click-here\">\n\t\t\t\tClick here\t\t\t<\/div>\n\t\t\t                                        <div class=\"slide-description\"><\/div>\n                                                        <\/a><!--\/.slide-content-->\n            <\/div><!--\/.swiper-slide-->\n                    <div class=\"swiper-slide\">\n\t\t<picture>\n\t\t\t<source media=\"(max-width:767px)\" data-srcset=\"http:\/\/inandoutgibraltar.com\/wp-content\/uploads\/2025\/12\/golf_home_m.jpg\" class=\"swiper-lazy\">\n\t\t\t<source media=\"(min-width:768px)\" data-srcset=\"http:\/\/inandoutgibraltar.com\/wp-content\/uploads\/2025\/12\/golf_home_d.jpg\" class=\"swiper-lazy\">\n\t\t\t<img class=\"slide-image\"\n\t\t\t\tsrc=\"data:image\/gif;base64,R0lGODlhAQABAIAAAAAAAP\/\/\/ywAAAAAAQABAAACAUwAOw==\"\n\t\t\t\tdata-src-mobile=\"http:\/\/inandoutgibraltar.com\/wp-content\/uploads\/2025\/12\/golf_home_m.jpg\"\n\t\t\t\tdata-src-desktop=\"http:\/\/inandoutgibraltar.com\/wp-content\/uploads\/2025\/12\/golf_home_d.jpg\"\n\t\t\t\talt=\"\"\n\t\t\t>\n\t\t<\/picture>\n\t\t<div class=\"slide-spinner\"><\/div>\n                <a class=\"slide-content\" href=\"#golf\">\n                    <h2>Golf<\/h2>\n\t\t\t\t\t\t<div class=\"slider-click-here\">\n\t\t\t\tClick here\t\t\t<\/div>\n\t\t\t                                        <div class=\"slide-description\"><\/div>\n                                                        <\/a><!--\/.slide-content-->\n            <\/div><!--\/.swiper-slide-->\n                    <div class=\"swiper-slide\">\n\t\t<picture>\n\t\t\t<source media=\"(max-width:767px)\" data-srcset=\"http:\/\/inandoutgibraltar.com\/wp-content\/uploads\/2025\/06\/sports_m.jpg\" class=\"swiper-lazy\">\n\t\t\t<source media=\"(min-width:768px)\" data-srcset=\"http:\/\/inandoutgibraltar.com\/wp-content\/uploads\/2025\/06\/sports_d.jpg\" class=\"swiper-lazy\">\n\t\t\t<img class=\"slide-image\"\n\t\t\t\tsrc=\"data:image\/gif;base64,R0lGODlhAQABAIAAAAAAAP\/\/\/ywAAAAAAQABAAACAUwAOw==\"\n\t\t\t\tdata-src-mobile=\"http:\/\/inandoutgibraltar.com\/wp-content\/uploads\/2025\/06\/sports_m.jpg\"\n\t\t\t\tdata-src-desktop=\"http:\/\/inandoutgibraltar.com\/wp-content\/uploads\/2025\/06\/sports_d.jpg\"\n\t\t\t\talt=\"\"\n\t\t\t>\n\t\t<\/picture>\n\t\t<div class=\"slide-spinner\"><\/div>\n                <a class=\"slide-content\" href=\"#deportes-fitness\">\n                    <h2>Deportes | Fitness<\/h2>\n\t\t\t\t\t\t<div class=\"slider-click-here\">\n\t\t\t\tClick here\t\t\t<\/div>\n\t\t\t                                        <div class=\"slide-description\"><\/div>\n                                                        <\/a><!--\/.slide-content-->\n            <\/div><!--\/.swiper-slide-->\n                    <div class=\"swiper-slide\">\n\t\t<picture>\n\t\t\t<source media=\"(max-width:767px)\" data-srcset=\"http:\/\/inandoutgibraltar.com\/wp-content\/uploads\/2025\/06\/groceries_m.jpg\" class=\"swiper-lazy\">\n\t\t\t<source media=\"(min-width:768px)\" data-srcset=\"http:\/\/inandoutgibraltar.com\/wp-content\/uploads\/2025\/06\/groceries_d.jpg\" class=\"swiper-lazy\">\n\t\t\t<img class=\"slide-image\"\n\t\t\t\tsrc=\"data:image\/gif;base64,R0lGODlhAQABAIAAAAAAAP\/\/\/ywAAAAAAQABAAACAUwAOw==\"\n\t\t\t\tdata-src-mobile=\"http:\/\/inandoutgibraltar.com\/wp-content\/uploads\/2025\/06\/groceries_m.jpg\"\n\t\t\t\tdata-src-desktop=\"http:\/\/inandoutgibraltar.com\/wp-content\/uploads\/2025\/06\/groceries_d.jpg\"\n\t\t\t\talt=\"\"\n\t\t\t>\n\t\t<\/picture>\n\t\t<div class=\"slide-spinner\"><\/div>\n                <a class=\"slide-content\" href=\"#tiendas-de-alimentacion-locales\">\n                    <h2>Tiendas de alimentaci\u00f3n locales<\/h2>\n\t\t\t\t\t\t<div class=\"slider-click-here\">\n\t\t\t\tClick here\t\t\t<\/div>\n\t\t\t                                        <div class=\"slide-description\"><\/div>\n                                                        <\/a><!--\/.slide-content-->\n            <\/div><!--\/.swiper-slide-->\n                    <div class=\"swiper-slide\">\n\t\t<picture>\n\t\t\t<source media=\"(max-width:767px)\" data-srcset=\"http:\/\/inandoutgibraltar.com\/wp-content\/uploads\/2025\/06\/holistic_m.jpg\" class=\"swiper-lazy\">\n\t\t\t<source media=\"(min-width:768px)\" data-srcset=\"http:\/\/inandoutgibraltar.com\/wp-content\/uploads\/2025\/06\/holistic_d.jpg\" class=\"swiper-lazy\">\n\t\t\t<img class=\"slide-image\"\n\t\t\t\tsrc=\"data:image\/gif;base64,R0lGODlhAQABAIAAAAAAAP\/\/\/ywAAAAAAQABAAACAUwAOw==\"\n\t\t\t\tdata-src-mobile=\"http:\/\/inandoutgibraltar.com\/wp-content\/uploads\/2025\/06\/holistic_m.jpg\"\n\t\t\t\tdata-src-desktop=\"http:\/\/inandoutgibraltar.com\/wp-content\/uploads\/2025\/06\/holistic_d.jpg\"\n\t\t\t\talt=\"\"\n\t\t\t>\n\t\t<\/picture>\n\t\t<div class=\"slide-spinner\"><\/div>\n                <a class=\"slide-content\" href=\"#salud-y-bienestar\">\n                    <h2>Salud y bienestar<\/h2>\n\t\t\t\t\t\t<div class=\"slider-click-here\">\n\t\t\t\tClick here\t\t\t<\/div>\n\t\t\t                                        <div class=\"slide-description\"><\/div>\n                                                        <\/a><!--\/.slide-content-->\n            <\/div><!--\/.swiper-slide-->\n                    <div class=\"swiper-slide\">\n\t\t<picture>\n\t\t\t<source media=\"(max-width:767px)\" data-srcset=\"http:\/\/inandoutgibraltar.com\/wp-content\/uploads\/2025\/06\/rentals_m-1.jpg\" class=\"swiper-lazy\">\n\t\t\t<source media=\"(min-width:768px)\" data-srcset=\"http:\/\/inandoutgibraltar.com\/wp-content\/uploads\/2025\/06\/rentals_d-1.jpg\" class=\"swiper-lazy\">\n\t\t\t<img class=\"slide-image\"\n\t\t\t\tsrc=\"data:image\/gif;base64,R0lGODlhAQABAIAAAAAAAP\/\/\/ywAAAAAAQABAAACAUwAOw==\"\n\t\t\t\tdata-src-mobile=\"http:\/\/inandoutgibraltar.com\/wp-content\/uploads\/2025\/06\/rentals_m-1.jpg\"\n\t\t\t\tdata-src-desktop=\"http:\/\/inandoutgibraltar.com\/wp-content\/uploads\/2025\/06\/rentals_d-1.jpg\"\n\t\t\t\talt=\"\"\n\t\t\t>\n\t\t<\/picture>\n\t\t<div class=\"slide-spinner\"><\/div>\n                <a class=\"slide-content\" href=\"#alquileres\">\n                    <h2>Alquileres<\/h2>\n\t\t\t\t\t\t<div class=\"slider-click-here\">\n\t\t\t\tClick here\t\t\t<\/div>\n\t\t\t                                        <div class=\"slide-description\"><\/div>\n                                                        <\/a><!--\/.slide-content-->\n            <\/div><!--\/.swiper-slide-->\n                    <div class=\"swiper-slide\">\n\t\t<picture>\n\t\t\t<source media=\"(max-width:767px)\" data-srcset=\"http:\/\/inandoutgibraltar.com\/wp-content\/uploads\/2025\/06\/real_estate_m-1.jpg\" class=\"swiper-lazy\">\n\t\t\t<source media=\"(min-width:768px)\" data-srcset=\"http:\/\/inandoutgibraltar.com\/wp-content\/uploads\/2025\/06\/real_estate_d-1.jpg\" class=\"swiper-lazy\">\n\t\t\t<img class=\"slide-image\"\n\t\t\t\tsrc=\"data:image\/gif;base64,R0lGODlhAQABAIAAAAAAAP\/\/\/ywAAAAAAQABAAACAUwAOw==\"\n\t\t\t\tdata-src-mobile=\"http:\/\/inandoutgibraltar.com\/wp-content\/uploads\/2025\/06\/real_estate_m-1.jpg\"\n\t\t\t\tdata-src-desktop=\"http:\/\/inandoutgibraltar.com\/wp-content\/uploads\/2025\/06\/real_estate_d-1.jpg\"\n\t\t\t\talt=\"\"\n\t\t\t>\n\t\t<\/picture>\n\t\t<div class=\"slide-spinner\"><\/div>\n                <a class=\"slide-content\" href=\"#inmobiliaria\">\n                    <h2>Inmobiliaria<\/h2>\n\t\t\t\t\t\t<div class=\"slider-click-here\">\n\t\t\t\tClick here\t\t\t<\/div>\n\t\t\t                                        <div class=\"slide-description\"><\/div>\n                                                        <\/a><!--\/.slide-content-->\n            <\/div><!--\/.swiper-slide-->\n                    <div class=\"swiper-slide\">\n\t\t<picture>\n\t\t\t<source media=\"(max-width:767px)\" data-srcset=\"http:\/\/inandoutgibraltar.com\/wp-content\/uploads\/2025\/06\/retails_m.jpg\" class=\"swiper-lazy\">\n\t\t\t<source media=\"(min-width:768px)\" data-srcset=\"http:\/\/inandoutgibraltar.com\/wp-content\/uploads\/2025\/06\/retails_d.jpg\" class=\"swiper-lazy\">\n\t\t\t<img class=\"slide-image\"\n\t\t\t\tsrc=\"data:image\/gif;base64,R0lGODlhAQABAIAAAAAAAP\/\/\/ywAAAAAAQABAAACAUwAOw==\"\n\t\t\t\tdata-src-mobile=\"http:\/\/inandoutgibraltar.com\/wp-content\/uploads\/2025\/06\/retails_m.jpg\"\n\t\t\t\tdata-src-desktop=\"http:\/\/inandoutgibraltar.com\/wp-content\/uploads\/2025\/06\/retails_d.jpg\"\n\t\t\t\talt=\"\"\n\t\t\t>\n\t\t<\/picture>\n\t\t<div class=\"slide-spinner\"><\/div>\n                <a class=\"slide-content\" href=\"#de-compras\">\n                    <h2>De compras<\/h2>\n\t\t\t\t\t\t<div class=\"slider-click-here\">\n\t\t\t\tClick here\t\t\t<\/div>\n\t\t\t                                        <div class=\"slide-description\"><\/div>\n                                                        <\/a><!--\/.slide-content-->\n            <\/div><!--\/.swiper-slide-->\n                    <div class=\"swiper-slide\">\n\t\t<picture>\n\t\t\t<source media=\"(max-width:767px)\" data-srcset=\"http:\/\/inandoutgibraltar.com\/wp-content\/uploads\/2025\/06\/m_services.jpg\" class=\"swiper-lazy\">\n\t\t\t<source media=\"(min-width:768px)\" data-srcset=\"http:\/\/inandoutgibraltar.com\/wp-content\/uploads\/2025\/06\/d_services.jpg\" class=\"swiper-lazy\">\n\t\t\t<img class=\"slide-image\"\n\t\t\t\tsrc=\"data:image\/gif;base64,R0lGODlhAQABAIAAAAAAAP\/\/\/ywAAAAAAQABAAACAUwAOw==\"\n\t\t\t\tdata-src-mobile=\"http:\/\/inandoutgibraltar.com\/wp-content\/uploads\/2025\/06\/m_services.jpg\"\n\t\t\t\tdata-src-desktop=\"http:\/\/inandoutgibraltar.com\/wp-content\/uploads\/2025\/06\/d_services.jpg\"\n\t\t\t\talt=\"\"\n\t\t\t>\n\t\t<\/picture>\n\t\t<div class=\"slide-spinner\"><\/div>\n                <a class=\"slide-content\" href=\"#servicios\">\n                    <h2>Servicios<\/h2>\n\t\t\t\t\t\t<div class=\"slider-click-here\">\n\t\t\t\tClick here\t\t\t<\/div>\n\t\t\t                                        <div class=\"slide-description\"><\/div>\n                                                        <\/a><!--\/.slide-content-->\n            <\/div><!--\/.swiper-slide-->\n                    <div class=\"swiper-slide\">\n\t\t<picture>\n\t\t\t<source media=\"(max-width:767px)\" data-srcset=\"http:\/\/inandoutgibraltar.com\/wp-content\/uploads\/2025\/07\/marina_plaza_m.jpg\" class=\"swiper-lazy\">\n\t\t\t<source media=\"(min-width:768px)\" data-srcset=\"http:\/\/inandoutgibraltar.com\/wp-content\/uploads\/2025\/07\/marina_plaza_d.jpg\" class=\"swiper-lazy\">\n\t\t\t<img class=\"slide-image\"\n\t\t\t\tsrc=\"data:image\/gif;base64,R0lGODlhAQABAIAAAAAAAP\/\/\/ywAAAAAAQABAAACAUwAOw==\"\n\t\t\t\tdata-src-mobile=\"http:\/\/inandoutgibraltar.com\/wp-content\/uploads\/2025\/07\/marina_plaza_m.jpg\"\n\t\t\t\tdata-src-desktop=\"http:\/\/inandoutgibraltar.com\/wp-content\/uploads\/2025\/07\/marina_plaza_d.jpg\"\n\t\t\t\talt=\"\"\n\t\t\t>\n\t\t<\/picture>\n\t\t<div class=\"slide-spinner\"><\/div>\n                <a class=\"slide-content\" href=\"#lugares-especiales\">\n                    <h2>Lugares especiales<\/h2>\n\t\t\t\t\t\t<div class=\"slider-click-here\">\n\t\t\t\tClick here\t\t\t<\/div>\n\t\t\t                                        <div class=\"slide-description\"><\/div>\n                                                        <\/a><!--\/.slide-content-->\n            <\/div><!--\/.swiper-slide-->\n                    <div class=\"swiper-slide\">\n\t\t<picture>\n\t\t\t<source media=\"(max-width:767px)\" data-srcset=\"http:\/\/inandoutgibraltar.com\/wp-content\/uploads\/2025\/07\/pizzerias_m.jpg\" class=\"swiper-lazy\">\n\t\t\t<source media=\"(min-width:768px)\" data-srcset=\"http:\/\/inandoutgibraltar.com\/wp-content\/uploads\/2025\/07\/pizzerias_d.jpg\" class=\"swiper-lazy\">\n\t\t\t<img class=\"slide-image\"\n\t\t\t\tsrc=\"data:image\/gif;base64,R0lGODlhAQABAIAAAAAAAP\/\/\/ywAAAAAAQABAAACAUwAOw==\"\n\t\t\t\tdata-src-mobile=\"http:\/\/inandoutgibraltar.com\/wp-content\/uploads\/2025\/07\/pizzerias_m.jpg\"\n\t\t\t\tdata-src-desktop=\"http:\/\/inandoutgibraltar.com\/wp-content\/uploads\/2025\/07\/pizzerias_d.jpg\"\n\t\t\t\talt=\"\"\n\t\t\t>\n\t\t<\/picture>\n\t\t<div class=\"slide-spinner\"><\/div>\n                <a class=\"slide-content\" href=\"#pizzerias\">\n                    <h2>Pizzer\u00edas<\/h2>\n\t\t\t\t\t\t<div class=\"slider-click-here\">\n\t\t\t\tClick here\t\t\t<\/div>\n\t\t\t                                        <div class=\"slide-description\"><\/div>\n                                                        <\/a><!--\/.slide-content-->\n            <\/div><!--\/.swiper-slide-->\n                    <a class=\"swiper-slide swiper-advert\" href=\"https:\/\/comparefuneral.org\/inandoutsotogrande\" target=\"_blank\">\n\t\t<picture>\n\t\t\t<source media=\"(max-width:767px)\" data-srcset=\"http:\/\/inandoutgibraltar.com\/wp-content\/uploads\/2025\/06\/compare_funerals_m.jpg\" class=\"swiper-lazy\">\n\t\t\t<source media=\"(min-width:768px)\" data-srcset=\"http:\/\/inandoutgibraltar.com\/wp-content\/uploads\/2025\/06\/compare_funerals_d.jpg\" class=\"swiper-lazy\">\n\t\t\t<img class=\"slide-image\"\n\t\t\t\tsrc=\"data:image\/gif;base64,R0lGODlhAQABAIAAAAAAAP\/\/\/ywAAAAAAQABAAACAUwAOw==\"\n\t\t\t\tdata-src-mobile=\"http:\/\/inandoutgibraltar.com\/wp-content\/uploads\/2025\/06\/compare_funerals_m.jpg\"\n\t\t\t\tdata-src-desktop=\"http:\/\/inandoutgibraltar.com\/wp-content\/uploads\/2025\/06\/compare_funerals_d.jpg\"\n\t\t\t\talt=\"\"\n\t\t\t>\n\t\t<\/picture>\n\t\t<div class=\"slide-spinner\"><\/div>\n            <\/a><!--\/.swiper-slide-->\n              <\/div><!--\/.swiper-wrapper-->\n      <div class=\"swiper-pagination\"><\/div>\n      <div class=\"swiper-button-prev\"><\/div>\n      <div class=\"swiper-button-next\"><\/div>\n    <\/div><!--\/.swiper-->\n\n    \n","protected":false},"excerpt":{"rendered":"","protected":false},"author":1,"featured_media":0,"parent":0,"menu_order":0,"comment_status":"closed","ping_status":"closed","template":"","meta":{"footnotes":""},"class_list":["post-10","page","type-page","status-publish","hentry"],"yoast_head":"<!-- This site is optimized with the Yoast SEO plugin v26.5 - https:\/\/yoast.com\/wordpress\/plugins\/seo\/ -->\n<title>Inicio - In and Out Gibraltar<\/title>\n<meta name=\"robots\" content=\"index, follow, max-snippet:-1, max-image-preview:large, max-video-preview:-1\" \/>\n<link rel=\"canonical\" href=\"http:\/\/inandoutgibraltar.com\/es\/\" \/>\n<meta property=\"og:locale\" content=\"es_ES\" \/>\n<meta property=\"og:type\" content=\"article\" \/>\n<meta property=\"og:title\" content=\"Inicio - In and Out Gibraltar\" \/>\n<meta property=\"og:url\" content=\"http:\/\/inandoutgibraltar.com\/es\/\" \/>\n<meta property=\"og:site_name\" content=\"In and Out Gibraltar\" \/>\n<meta property=\"article:publisher\" content=\"https:\/\/www.facebook.com\/inandoutsotogrande\" \/>\n<meta property=\"article:modified_time\" content=\"2025-06-24T12:34:11+00:00\" \/>\n<meta name=\"twitter:card\" content=\"summary_large_image\" \/>\n<script type=\"application\/ld+json\" class=\"yoast-schema-graph\">{\"@context\":\"https:\/\/schema.org\",\"@graph\":[{\"@type\":\"WebPage\",\"@id\":\"http:\/\/inandoutgibraltar.com\/es\/\",\"url\":\"http:\/\/inandoutgibraltar.com\/es\/\",\"name\":\"Inicio - In and Out Gibraltar\",\"isPartOf\":{\"@id\":\"http:\/\/inandoutgibraltar.com\/fr\/#website\"},\"datePublished\":\"2025-06-06T14:23:44+00:00\",\"dateModified\":\"2025-06-24T12:34:11+00:00\",\"breadcrumb\":{\"@id\":\"http:\/\/inandoutgibraltar.com\/es\/#breadcrumb\"},\"inLanguage\":\"es\",\"potentialAction\":[{\"@type\":\"ReadAction\",\"target\":[\"http:\/\/inandoutgibraltar.com\/es\/\"]}]},{\"@type\":\"BreadcrumbList\",\"@id\":\"http:\/\/inandoutgibraltar.com\/es\/#breadcrumb\",\"itemListElement\":[{\"@type\":\"ListItem\",\"position\":1,\"name\":\"Home\",\"item\":\"http:\/\/inandoutgibraltar.com\/es\/\"},{\"@type\":\"ListItem\",\"position\":2,\"name\":\"Inicio\"}]},{\"@type\":\"WebSite\",\"@id\":\"http:\/\/inandoutgibraltar.com\/fr\/#website\",\"url\":\"http:\/\/inandoutgibraltar.com\/fr\/\",\"name\":\"In and Out Sotogrande\",\"description\":\"\",\"publisher\":{\"@id\":\"http:\/\/inandoutgibraltar.com\/fr\/#organization\"},\"inLanguage\":\"es\"},{\"@type\":\"Organization\",\"@id\":\"http:\/\/inandoutgibraltar.com\/fr\/#organization\",\"name\":\"In and Out Sotogrande\",\"url\":\"http:\/\/inandoutgibraltar.com\/fr\/\",\"logo\":{\"@type\":\"ImageObject\",\"inLanguage\":\"es\",\"@id\":\"http:\/\/inandoutgibraltar.com\/fr\/#\/schema\/logo\/image\/\",\"url\":\"http:\/\/inandoutgibraltar.com\/wp-content\/uploads\/2025\/11\/in-and-out.png\",\"contentUrl\":\"http:\/\/inandoutgibraltar.com\/wp-content\/uploads\/2025\/11\/in-and-out.png\",\"width\":416,\"height\":276,\"caption\":\"In and Out Sotogrande\"},\"image\":{\"@id\":\"http:\/\/inandoutgibraltar.com\/fr\/#\/schema\/logo\/image\/\"},\"sameAs\":[\"https:\/\/www.facebook.com\/inandoutsotogrande\"]}]}<\/script>\n<!-- \/ Yoast SEO plugin. -->","yoast_head_json":{"title":"Inicio - In and Out Gibraltar","robots":{"index":"index","follow":"follow","max-snippet":"max-snippet:-1","max-image-preview":"max-image-preview:large","max-video-preview":"max-video-preview:-1"},"canonical":"http:\/\/inandoutgibraltar.com\/es\/","og_locale":"es_ES","og_type":"article","og_title":"Inicio - In and Out Gibraltar","og_url":"http:\/\/inandoutgibraltar.com\/es\/","og_site_name":"In and Out Gibraltar","article_publisher":"https:\/\/www.facebook.com\/inandoutsotogrande","article_modified_time":"2025-06-24T12:34:11+00:00","twitter_card":"summary_large_image","schema":{"@context":"https:\/\/schema.org","@graph":[{"@type":"WebPage","@id":"http:\/\/inandoutgibraltar.com\/es\/","url":"http:\/\/inandoutgibraltar.com\/es\/","name":"Inicio - In and Out Gibraltar","isPartOf":{"@id":"http:\/\/inandoutgibraltar.com\/fr\/#website"},"datePublished":"2025-06-06T14:23:44+00:00","dateModified":"2025-06-24T12:34:11+00:00","breadcrumb":{"@id":"http:\/\/inandoutgibraltar.com\/es\/#breadcrumb"},"inLanguage":"es","potentialAction":[{"@type":"ReadAction","target":["http:\/\/inandoutgibraltar.com\/es\/"]}]},{"@type":"BreadcrumbList","@id":"http:\/\/inandoutgibraltar.com\/es\/#breadcrumb","itemListElement":[{"@type":"ListItem","position":1,"name":"Home","item":"http:\/\/inandoutgibraltar.com\/es\/"},{"@type":"ListItem","position":2,"name":"Inicio"}]},{"@type":"WebSite","@id":"http:\/\/inandoutgibraltar.com\/fr\/#website","url":"http:\/\/inandoutgibraltar.com\/fr\/","name":"In and Out Sotogrande","description":"","publisher":{"@id":"http:\/\/inandoutgibraltar.com\/fr\/#organization"},"inLanguage":"es"},{"@type":"Organization","@id":"http:\/\/inandoutgibraltar.com\/fr\/#organization","name":"In and Out Sotogrande","url":"http:\/\/inandoutgibraltar.com\/fr\/","logo":{"@type":"ImageObject","inLanguage":"es","@id":"http:\/\/inandoutgibraltar.com\/fr\/#\/schema\/logo\/image\/","url":"http:\/\/inandoutgibraltar.com\/wp-content\/uploads\/2025\/11\/in-and-out.png","contentUrl":"http:\/\/inandoutgibraltar.com\/wp-content\/uploads\/2025\/11\/in-and-out.png","width":416,"height":276,"caption":"In and Out Sotogrande"},"image":{"@id":"http:\/\/inandoutgibraltar.com\/fr\/#\/schema\/logo\/image\/"},"sameAs":["https:\/\/www.facebook.com\/inandoutsotogrande"]}]}},"_links":{"self":[{"href":"http:\/\/inandoutgibraltar.com\/es\/index.php\/wp-json\/wp\/v2\/pages\/10","targetHints":{"allow":["GET"]}}],"collection":[{"href":"http:\/\/inandoutgibraltar.com\/es\/index.php\/wp-json\/wp\/v2\/pages"}],"about":[{"href":"http:\/\/inandoutgibraltar.com\/es\/index.php\/wp-json\/wp\/v2\/types\/page"}],"author":[{"embeddable":true,"href":"http:\/\/inandoutgibraltar.com\/es\/index.php\/wp-json\/wp\/v2\/users\/1"}],"replies":[{"embeddable":true,"href":"http:\/\/inandoutgibraltar.com\/es\/index.php\/wp-json\/wp\/v2\/comments?post=10"}],"version-history":[{"count":3,"href":"http:\/\/inandoutgibraltar.com\/es\/index.php\/wp-json\/wp\/v2\/pages\/10\/revisions"}],"predecessor-version":[{"id":2266,"href":"http:\/\/inandoutgibraltar.com\/es\/index.php\/wp-json\/wp\/v2\/pages\/10\/revisions\/2266"}],"wp:attachment":[{"href":"http:\/\/inandoutgibraltar.com\/es\/index.php\/wp-json\/wp\/v2\/media?parent=10"}],"curies":[{"name":"wp","href":"https:\/\/api.w.org\/{rel}","templated":true}]}}